{"id":1629,"date":"2025-12-03T08:12:29","date_gmt":"2025-12-03T08:12:29","guid":{"rendered":"https:\/\/staging.carillons053.nl\/?page_id=1629"},"modified":"2026-02-21T22:28:51","modified_gmt":"2026-02-21T22:28:51","slug":"programma-17-december-2025","status":"publish","type":"page","link":"https:\/\/carillons053.nl\/en\/programma-17-december-2025\/","title":{"rendered":"Programme December 17, 2025"},"content":{"rendered":"<p>During a lunch concert on Wednesday, December 17, between 12:00 and 13:30, a total of 12 new songs from various countries were performed. Members of the Campus Carillon Circle also played several well-known Christmas carols on the bells of the Campus Carillon of the University of Twente.<\/p>\n\n\n\n<p>The concert began and ended with centuries-old, monotonous, melancholic melodies played by the <em>Vanekerblazers<\/em> on the midwinter horn. This created a musical event with a beautiful mix of regional (midwinter horn), national (carillon), and international culture (suggested songs). It was an atmospheric lunch gathering that sounded both traditional and surprising.<\/p>\n\n\n\n<p>Again, a number of songs were personally introduced to the audience by the residents of Enschede who suggested the song. The concert was announced in <em>Huis-aan-Huis Enschede<\/em>: \u201c<a href=\"https:\/\/carillons053.nl\/wp-content\/uploads\/2026\/02\/HuisAanHuis17Dec2025.pdf\" target=\"_blank\" rel=\"noreferrer noopener nofollow\">Lunchconcert op het carillonveld van de UT met drankjes en hapjes<\/a>\u201d.<\/p>\n\n\n\n<p>Midwinter horns (Vanekerblazers)<\/p>\n\n\n\n<p><em>Christmas music<\/em><\/p>\n\n\n\n<ol class=\"wp-block-list\">\n<li>\u201cSa araw ng Pasko\u201d \u2013 <a href=\"https:\/\/carillons053.nl\/en\/filipijnen\/\">Philippines<\/a> (Esther Schopman)<\/li>\n\n\n\n<li>\u201cTwinkle, twinkle little star\u201d \u2013 <a href=\"https:\/\/carillons053.nl\/en\/verenigd_koninkrijk\/\">United Kingdom<\/a> (Willem Jaap Zwart and Esther Schopman)<\/li>\n\n\n\n<li>\"Silent Night\" (Bas Thuijs)<\/li>\n\n\n\n<li>&#8220;Flappie&#8221; (Johan Verzijden)<\/li>\n<\/ol>\n\n\n\n<p>Midwinter horns<\/p>\n\n\n\n<p><em>International songs<\/em><\/p>\n\n\n\n<ol class=\"wp-block-list\">\n<li>\u201cP\u016bt, v\u0113ji\u0146i\u201d \u2013 <a href=\"https:\/\/carillons053.nl\/en\/letland\/\">Latvia<\/a> (Johan Verzijden and Esther Schopman)<\/li>\n\n\n\n<li>\u201cDodo titite\u201d \u2013 <a href=\"https:\/\/carillons053.nl\/en\/haiti\/\">Haiti<\/a> (Minka Geelen and Esther Schopman)<\/li>\n\n\n\n<li>\u201cGoro moja\u201d \u2013 <a href=\"https:\/\/carillons053.nl\/en\/montenegro\/\">Montenegro<\/a> (Esther Schopman)<\/li>\n\n\n\n<li>\u201cSopa de Caracol\u201d \u2013 <a href=\"https:\/\/carillons053.nl\/en\/honduras\/\">Honduras<\/a> (Esther Schopman and Hylke Banning)<\/li>\n\n\n\n<li>\u201cNeria\u201d \u2013 <a href=\"https:\/\/carillons053.nl\/en\/zimbabwe\/\">Zimbabwe<\/a> (Esther Schopman)<\/li>\n\n\n\n<li>\u201cPoletjela golubica\u201d \u2013 <a href=\"https:\/\/carillons053.nl\/en\/bosnie-and-herzegovina\/\">Bosnia and Herzegovina<\/a> (Hylke Banning and Esther Schopman)<\/li>\n<\/ol>\n\n\n\n<p>Midwinter horns<\/p>\n\n\n\n<p><em>International songs<\/em><\/p>\n\n\n\n<ol class=\"wp-block-list\">\n<li>\u201c\u041e\u0458 \u0414\u0435\u0432\u043e\u0458\u0447\u0435\u201d (Oj devojce)&#8221; \u2013 <a href=\"https:\/\/carillons053.nl\/en\/macedonie\/\">North Macedonia<\/a> (Hylke Banning)<\/li>\n\n\n\n<li>\u201cSlune\u010dn\u00fd Hrob\u201d \u2013 <a href=\"https:\/\/carillons053.nl\/en\/tsjechie\/\">Czech Republic<\/a> (Hylke Banning)<\/li>\n\n\n\n<li>\u201cYolele\u201d \u2013 <a href=\"https:\/\/carillons053.nl\/en\/republic-congo\/\">Congo<\/a> (Hylke Banning)<\/li>\n\n\n\n<li>\u201cTiyende Pamodzi\u201d \u2013 <a href=\"https:\/\/carillons053.nl\/en\/zambia\/\">Zambia<\/a> (Hylke Banning)<\/li>\n\n\n\n<li>\u201cCesarica\u201d \u2013 <a href=\"https:\/\/carillons053.nl\/en\/kroatie\/\">Croatia<\/a> (Hylke Banning)<\/li>\n\n\n\n<li>\u201cGod Bless Our Homeland\u201d \u2013 <a href=\"https:\/\/carillons053.nl\/en\/ghana\/\">Ghana<\/a> (Jort Vooijs and Hylke Banning)<\/li>\n<\/ol>\n\n\n\n<p>Midwinter horns<\/p>\n\n\n\n<p><em>Christmas music<\/em><\/p>\n\n\n\n<ol class=\"wp-block-list\">\n<li>\u201cO Come, All Ye Faithful\u201d (Jort Vooijs and Hylke Banning)<\/li>\n\n\n\n<li>&#8220;In the Bleak Midwinter&#8221; (Tom Erik Pedersen)<\/li>\n\n\n\n<li>&#8220;The First Nowell&#8221; (Tom Erik Pedersen)<\/li>\n\n\n\n<li>&#8220;Carol of the Bells&#8221; (Bas Thuijs)<\/li>\n<\/ol>\n\n\n\n<p>Midwinter horns<\/p>\n\n\n\n<figure class=\"wp-block-image size-large\"><img loading=\"lazy\" decoding=\"async\" width=\"1024\" height=\"167\" src=\"https:\/\/carillons053.nl\/wp-content\/uploads\/2025\/02\/Enschede700_liggend_k-1024x167.jpg\" alt=\"\" class=\"wp-image-220\" srcset=\"https:\/\/carillons053.nl\/wp-content\/uploads\/2025\/02\/Enschede700_liggend_k-1024x167.jpg 1024w, https:\/\/carillons053.nl\/wp-content\/uploads\/2025\/02\/Enschede700_liggend_k-300x49.jpg 300w, https:\/\/carillons053.nl\/wp-content\/uploads\/2025\/02\/Enschede700_liggend_k-768x125.jpg 768w, https:\/\/carillons053.nl\/wp-content\/uploads\/2025\/02\/Enschede700_liggend_k-1536x250.jpg 1536w, https:\/\/carillons053.nl\/wp-content\/uploads\/2025\/02\/Enschede700_liggend_k-2048x334.jpg 2048w, https:\/\/carillons053.nl\/wp-content\/uploads\/2025\/02\/Enschede700_liggend_k-18x3.jpg 18w\" sizes=\"auto, (max-width: 1024px) 100vw, 1024px\" \/><\/figure>","protected":false},"excerpt":{"rendered":"<p>Tijdens een lunchconcert op woensdag 17 december tussen 12.00 en 13.30 uur klonken in totaal 12 nieuwe liedjes uit verschillende landen. Ook speelden leden van de Campus Beiaard Kring op de klokken van de CampusBeiaard van de Universiteit Twente een aantal bekende kerstliedjes. Het concert begon en eindigde met door de Vanekerblazers op midwinterhoorn geblazen &hellip; <a href=\"https:\/\/carillons053.nl\/en\/programma-17-december-2025\/\" class=\"more-link\">Continue reading <span class=\"screen-reader-text\">Programme December 17, 2025<\/span> <span class=\"meta-nav\">&rarr;<\/span><\/a><\/p>","protected":false},"author":2,"featured_media":0,"parent":0,"menu_order":0,"comment_status":"closed","ping_status":"closed","template":"","meta":{"_acf_changed":false,"ngg_post_thumbnail":0,"_themeisle_gutenberg_block_has_review":false,"footnotes":""},"class_list":["post-1629","page","type-page","status-publish","hentry"],"acf":[],"yoast_head":"<!-- This site is optimized with the Yoast SEO plugin v27.4 - https:\/\/yoast.com\/product\/yoast-seo-wordpress\/ -->\n<title>Programma 17 december 2025 - Stichting Enschedese Carillons<\/title>\n<meta name=\"robots\" content=\"index, follow, max-snippet:-1, max-image-preview:large, max-video-preview:-1\" \/>\n<link rel=\"canonical\" href=\"https:\/\/carillons053.nl\/en\/programma-17-december-2025\/\" \/>\n<meta property=\"og:locale\" content=\"en_US\" \/>\n<meta property=\"og:type\" content=\"article\" \/>\n<meta property=\"og:title\" content=\"Programma 17 december 2025 - Stichting Enschedese Carillons\" \/>\n<meta property=\"og:description\" content=\"Tijdens een lunchconcert op woensdag 17 december tussen 12.00 en 13.30 uur klonken in totaal 12 nieuwe liedjes uit verschillende landen. Ook speelden leden van de Campus Beiaard Kring op de klokken van de CampusBeiaard van de Universiteit Twente een aantal bekende kerstliedjes. Het concert begon en eindigde met door de Vanekerblazers op midwinterhoorn geblazen &hellip; Continue reading Programma 17 december 2025 &rarr;\" \/>\n<meta property=\"og:url\" content=\"https:\/\/carillons053.nl\/en\/programma-17-december-2025\/\" \/>\n<meta property=\"og:site_name\" content=\"Stichting Enschedese Carillons\" \/>\n<meta property=\"article:modified_time\" content=\"2026-02-21T22:28:51+00:00\" \/>\n<meta property=\"og:image\" content=\"https:\/\/carillons053.nl\/wp-content\/uploads\/2025\/02\/Enschede700_liggend_k-scaled.jpg\" \/>\n\t<meta property=\"og:image:width\" content=\"2560\" \/>\n\t<meta property=\"og:image:height\" content=\"417\" \/>\n\t<meta property=\"og:image:type\" content=\"image\/jpeg\" \/>\n<meta name=\"twitter:card\" content=\"summary_large_image\" \/>\n<meta name=\"twitter:label1\" content=\"Est. reading time\" \/>\n\t<meta name=\"twitter:data1\" content=\"2 minutes\" \/>\n<script type=\"application\/ld+json\" class=\"yoast-schema-graph\">{\"@context\":\"https:\\\/\\\/schema.org\",\"@graph\":[{\"@type\":\"WebPage\",\"@id\":\"https:\\\/\\\/carillons053.nl\\\/programma-17-december-2025\\\/\",\"url\":\"https:\\\/\\\/carillons053.nl\\\/programma-17-december-2025\\\/\",\"name\":\"Programma 17 december 2025 - Stichting Enschedese Carillons\",\"isPartOf\":{\"@id\":\"https:\\\/\\\/carillons053.nl\\\/#website\"},\"primaryImageOfPage\":{\"@id\":\"https:\\\/\\\/carillons053.nl\\\/programma-17-december-2025\\\/#primaryimage\"},\"image\":{\"@id\":\"https:\\\/\\\/carillons053.nl\\\/programma-17-december-2025\\\/#primaryimage\"},\"thumbnailUrl\":\"https:\\\/\\\/carillons053.nl\\\/wp-content\\\/uploads\\\/2025\\\/02\\\/Enschede700_liggend_k-1024x167.jpg\",\"datePublished\":\"2025-12-03T08:12:29+00:00\",\"dateModified\":\"2026-02-21T22:28:51+00:00\",\"breadcrumb\":{\"@id\":\"https:\\\/\\\/carillons053.nl\\\/programma-17-december-2025\\\/#breadcrumb\"},\"inLanguage\":\"en-US\",\"potentialAction\":[{\"@type\":\"ReadAction\",\"target\":[\"https:\\\/\\\/carillons053.nl\\\/programma-17-december-2025\\\/\"]}]},{\"@type\":\"ImageObject\",\"inLanguage\":\"en-US\",\"@id\":\"https:\\\/\\\/carillons053.nl\\\/programma-17-december-2025\\\/#primaryimage\",\"url\":\"https:\\\/\\\/carillons053.nl\\\/wp-content\\\/uploads\\\/2025\\\/02\\\/Enschede700_liggend_k-1024x167.jpg\",\"contentUrl\":\"https:\\\/\\\/carillons053.nl\\\/wp-content\\\/uploads\\\/2025\\\/02\\\/Enschede700_liggend_k-1024x167.jpg\"},{\"@type\":\"BreadcrumbList\",\"@id\":\"https:\\\/\\\/carillons053.nl\\\/programma-17-december-2025\\\/#breadcrumb\",\"itemListElement\":[{\"@type\":\"ListItem\",\"position\":1,\"name\":\"Home\",\"item\":\"https:\\\/\\\/carillons053.nl\\\/\"},{\"@type\":\"ListItem\",\"position\":2,\"name\":\"Programma 17 december 2025\"}]},{\"@type\":\"WebSite\",\"@id\":\"https:\\\/\\\/carillons053.nl\\\/#website\",\"url\":\"https:\\\/\\\/carillons053.nl\\\/\",\"name\":\"Stichting Enschedese Carillons\",\"description\":\"\",\"potentialAction\":[{\"@type\":\"SearchAction\",\"target\":{\"@type\":\"EntryPoint\",\"urlTemplate\":\"https:\\\/\\\/carillons053.nl\\\/?s={search_term_string}\"},\"query-input\":{\"@type\":\"PropertyValueSpecification\",\"valueRequired\":true,\"valueName\":\"search_term_string\"}}],\"inLanguage\":\"en-US\"}]}<\/script>\n<!-- \/ Yoast SEO plugin. -->","yoast_head_json":{"title":"Programma 17 december 2025 - Stichting Enschedese Carillons","robots":{"index":"index","follow":"follow","max-snippet":"max-snippet:-1","max-image-preview":"max-image-preview:large","max-video-preview":"max-video-preview:-1"},"canonical":"https:\/\/carillons053.nl\/en\/programma-17-december-2025\/","og_locale":"en_US","og_type":"article","og_title":"Programma 17 december 2025 - Stichting Enschedese Carillons","og_description":"Tijdens een lunchconcert op woensdag 17 december tussen 12.00 en 13.30 uur klonken in totaal 12 nieuwe liedjes uit verschillende landen. Ook speelden leden van de Campus Beiaard Kring op de klokken van de CampusBeiaard van de Universiteit Twente een aantal bekende kerstliedjes. Het concert begon en eindigde met door de Vanekerblazers op midwinterhoorn geblazen &hellip; Continue reading Programma 17 december 2025 &rarr;","og_url":"https:\/\/carillons053.nl\/en\/programma-17-december-2025\/","og_site_name":"Stichting Enschedese Carillons","article_modified_time":"2026-02-21T22:28:51+00:00","og_image":[{"width":2560,"height":417,"url":"https:\/\/carillons053.nl\/wp-content\/uploads\/2025\/02\/Enschede700_liggend_k-scaled.jpg","type":"image\/jpeg"}],"twitter_card":"summary_large_image","twitter_misc":{"Est. reading time":"2 minutes"},"schema":{"@context":"https:\/\/schema.org","@graph":[{"@type":"WebPage","@id":"https:\/\/carillons053.nl\/programma-17-december-2025\/","url":"https:\/\/carillons053.nl\/programma-17-december-2025\/","name":"Programma 17 december 2025 - Stichting Enschedese Carillons","isPartOf":{"@id":"https:\/\/carillons053.nl\/#website"},"primaryImageOfPage":{"@id":"https:\/\/carillons053.nl\/programma-17-december-2025\/#primaryimage"},"image":{"@id":"https:\/\/carillons053.nl\/programma-17-december-2025\/#primaryimage"},"thumbnailUrl":"https:\/\/carillons053.nl\/wp-content\/uploads\/2025\/02\/Enschede700_liggend_k-1024x167.jpg","datePublished":"2025-12-03T08:12:29+00:00","dateModified":"2026-02-21T22:28:51+00:00","breadcrumb":{"@id":"https:\/\/carillons053.nl\/programma-17-december-2025\/#breadcrumb"},"inLanguage":"en-US","potentialAction":[{"@type":"ReadAction","target":["https:\/\/carillons053.nl\/programma-17-december-2025\/"]}]},{"@type":"ImageObject","inLanguage":"en-US","@id":"https:\/\/carillons053.nl\/programma-17-december-2025\/#primaryimage","url":"https:\/\/carillons053.nl\/wp-content\/uploads\/2025\/02\/Enschede700_liggend_k-1024x167.jpg","contentUrl":"https:\/\/carillons053.nl\/wp-content\/uploads\/2025\/02\/Enschede700_liggend_k-1024x167.jpg"},{"@type":"BreadcrumbList","@id":"https:\/\/carillons053.nl\/programma-17-december-2025\/#breadcrumb","itemListElement":[{"@type":"ListItem","position":1,"name":"Home","item":"https:\/\/carillons053.nl\/"},{"@type":"ListItem","position":2,"name":"Programma 17 december 2025"}]},{"@type":"WebSite","@id":"https:\/\/carillons053.nl\/#website","url":"https:\/\/carillons053.nl\/","name":"Enschede Carillon Society","description":"","potentialAction":[{"@type":"SearchAction","target":{"@type":"EntryPoint","urlTemplate":"https:\/\/carillons053.nl\/?s={search_term_string}"},"query-input":{"@type":"PropertyValueSpecification","valueRequired":true,"valueName":"search_term_string"}}],"inLanguage":"en-US"}]}},"_links":{"self":[{"href":"https:\/\/carillons053.nl\/en\/wp-json\/wp\/v2\/pages\/1629","targetHints":{"allow":["GET"]}}],"collection":[{"href":"https:\/\/carillons053.nl\/en\/wp-json\/wp\/v2\/pages"}],"about":[{"href":"https:\/\/carillons053.nl\/en\/wp-json\/wp\/v2\/types\/page"}],"author":[{"embeddable":true,"href":"https:\/\/carillons053.nl\/en\/wp-json\/wp\/v2\/users\/2"}],"replies":[{"embeddable":true,"href":"https:\/\/carillons053.nl\/en\/wp-json\/wp\/v2\/comments?post=1629"}],"version-history":[{"count":20,"href":"https:\/\/carillons053.nl\/en\/wp-json\/wp\/v2\/pages\/1629\/revisions"}],"predecessor-version":[{"id":2263,"href":"https:\/\/carillons053.nl\/en\/wp-json\/wp\/v2\/pages\/1629\/revisions\/2263"}],"wp:attachment":[{"href":"https:\/\/carillons053.nl\/en\/wp-json\/wp\/v2\/media?parent=1629"}],"curies":[{"name":"wp","href":"https:\/\/api.w.org\/{rel}","templated":true}]}}