{"id":212,"date":"2025-02-05T11:48:28","date_gmt":"2025-02-05T11:48:28","guid":{"rendered":"https:\/\/staging.carillons053.nl\/?page_id=212"},"modified":"2026-02-08T14:05:53","modified_gmt":"2026-02-08T14:05:53","slug":"enschedese-carillons-in-150-klankkleuren","status":"publish","type":"page","link":"https:\/\/carillons053.nl\/en\/enschedese-carillons-in-150-klankkleuren\/","title":{"rendered":"the Enschede Carillons in 150 Shades of Sound"},"content":{"rendered":" <!-- start Fla-shop.com HTML5 Map --> <div class='worldcountriesHtml5Mapbottom htmlMapResponsive' style='max-width:980px; width: 100%'><div id='worldcountries-html5-map-map-container_0' class='worldcountriesHtml5MapContainer' data-map-variable='worldcountrieshtml5map_map_0'><\/div><div style='clear:both; height: 20px;'><\/div> <style> #worldcountries-html5-map-map-container_0 { } #worldcountries-html5-map-map-container_0 .fm-tooltip-name { color: #000000; font-size: 20px; } #worldcountries-html5-map-map-container_0 .fm-tooltip-comment { } #worldcountries-html5-map-map-container_0 .fm-tooltip-comment p { } @media only screen and (max-width: 480px) { #worldcountries-html5-map-map-container_0 { float: none; width: 100%; } } <\/style><script type=\"text\/javascript\"> jQuery(function(){ var hightlighted = null; worldcountrieshtml5map_map_0 = new FlaShopWorldMap(worldcountrieshtml5map_map_cfg_0); worldcountrieshtml5map_map_0.draw('worldcountries-html5-map-map-container_0'); worldcountrieshtml5map_map_0.on('mousein', function(ev, sid, map) { if (hightlighted && sid != hightlighted) { map.stateHighlightOut(hightlighted); hightlighted = null; } }); var current_info_sid = null; var html5map_onclick = function(ev, sid, map) { var cfg = worldcountrieshtml5map_map_cfg_0; var link = map.fetchStateAttr(sid, 'link'); var is_group = map.fetchStateAttr(sid, 'group'); var popup_id = map.fetchStateAttr(sid, 'popup-id'); var is_group_info = false; var is_point = sid.substr(0,1) === 'p'; if (typeof cfg.map_data[sid] !== 'undefined') jQuery('#worldcountries-html5-map-selector_0').val(sid); else jQuery('#worldcountries-html5-map-selector_0').val(''); if (is_group == undefined) { if (is_point) { popup_id = map.fetchPointAttr(sid, 'popup_id'); link = map.fetchPointAttr(sid, 'link'); } } else if (typeof cfg.groups[is_group]['ignore_link'] == 'undefined' || ! cfg.groups[is_group].ignore_link) { link = cfg.groups[is_group].link; popup_id = cfg.groups[is_group]['popup_id']; is_group_info = true; } if (link === '#popup') { if (typeof SG_POPUP_DATA == \"object\") { if (popup_id in SG_POPUP_DATA) { SGPopup.prototype.showPopup(popup_id,false); } else { jQuery.ajax({ type: 'POST', url: 'https:\/\/carillons053.nl\/' + 'index.php' + '?map_id=0' + '&worldcountrieshtml5map_get_popup', data: {popup_id:popup_id}, }).done(function(data) { jQuery('body').append(data); SGPopup.prototype.showPopup(popup_id,false); }); } } else if (typeof SGPBPopup == \"function\") { var popup = SGPBPopup.createPopupObjById(popup_id); popup.prepareOpen(); popup.open(); } return false; } if (link == '#info') { if (current_info_sid === sid) return; var info = is_group_info ? cfg.groups[is_group]['info'] : (is_point ? map.fetchPointAttr(sid, 'info') : map.fetchStateAttr(sid, 'info')); if (typeof info !== 'undefined') { current_info_sid = sid; jQuery('#worldcountries-html5-map-state-info_0').html(info); return; } var id = is_group_info ? is_group : (is_point ? sid : map.fetchStateAttr(sid, 'id')); jQuery('#worldcountries-html5-map-state-info_0').html('Loading...'); jQuery.ajax({ type: 'POST', url: (is_group_info ? 'https:\/\/carillons053.nl\/' + 'index.php' + '?map_id=0' + '&worldcountrieshtml5map_get_group_info=' : 'https:\/\/carillons053.nl\/' + 'index.php' + '?map_id=0' + '&worldcountrieshtml5map_get_state_info=') + id, success: function(data, textStatus, jqXHR){ current_info_sid = sid; jQuery('#worldcountries-html5-map-state-info_0').html(data); }, dataType: 'text' }); return false; } if (ev === null && link !== '') { if (!jQuery('.html5dummilink').length) { jQuery('body').append('<a href=\"#\" class=\"html5dummilink\" style=\"display:none\"><\/a>'); } jQuery('.html5dummilink').attr('href', link).attr('target', (map.fetchStateAttr(sid, 'isNewWindow') ? '_blank' : '_self'))[0].click(); } }; worldcountrieshtml5map_map_0.on('click', html5map_onclick); }); <\/script><div id='worldcountries-html5-map-state-info_0' class='worldcountriesHtml5MapStateInfo'><\/div> <\/div> <div style='clear: both'><\/div> <!-- end HTML5 Map --> \n\n\n\n<p><strong>Welk liedje kent iedereen uit jouw geboorteland? Welk liedje betekent veel voor de mensen uit jouw geboorteland en kan iedereen meezingen?<\/strong><\/p>\n\n\n\n<p><a href=\"https:\/\/forms.gle\/WmZ47HVpFMm6i9jP8\" target=\"_blank\" rel=\"noreferrer noopener\">Vertel het ons via deze link!<\/a><\/p>\n\n\n\n<p>In de toren van de Grote Kerk op de Oude Markt hangt een beiaard met 49 klokken. Elke zondag tussen 13 en 14 uur worden deze klokken met handen en voeten bespeeld door de stadsbeiaardier. In de stalen toren op de campus van de Universiteit Twente hangt ook een beiaard met 49 klokken. Op dit instrument laat de beiaardier elke donderdag tussen 12 en 13 uur van zich horen.<\/p>\n\n\n\n<p>Als je op die momenten in de buurt bent van de Oude Markt of over de campus wandelt hoor je de klokkenmuziek van het StadsCarillon of de CampusBeiaard. Hoe leuk zou het dan zijn als elke Enschede\u00ebr tenminste \u00e9\u00e9n liedje kan meezingen?!<\/p>\n\n\n\n<p>Daarom verzamelen we bij de inwoners van Enschede niet-politieke liedjes van alle ongeveer 150 nationaliteiten die onze stad rijk is. In 2025 worden die liedjes tijdens een aantal speciale concerten door de stadsbeiaardier op het StadsCarillon of de CampusBeiaard gespeeld.<\/p>\n\n\n\n<div class=\"wp-block-columns is-layout-flex wp-container-core-columns-is-layout-9d6595d7 wp-block-columns-is-layout-flex\">\n<div class=\"wp-block-column is-layout-flow wp-block-column-is-layout-flow\">\n<div class=\"wp-block-buttons is-content-justification-left is-nowrap is-layout-flex wp-container-core-buttons-is-layout-6447b855 wp-block-buttons-is-layout-flex\">\n<div class=\"wp-block-button has-custom-width wp-block-button__width-100 is-style-outline is-style-outline--1\"><a class=\"wp-block-button__link has-white-background-color has-text-color has-background has-link-color wp-element-button\" href=\"https:\/\/carillons053.nl\/overzicht\/\" style=\"color:#479f86\">-&gt; Overzicht liedjes<\/a><\/div>\n<\/div>\n<\/div>\n<\/div>\n\n\n\n<div style=\"height:33px\" aria-hidden=\"true\" class=\"wp-block-spacer\"><\/div>\n\n\n\n<p>Tijdens zes concerten in 2025 werden op het StadsCarillon in de toren van de Grote Kerk en op de CampusBeiaard van de Universiteit Twente tot nu toe 72 liedjes ten gehore gebracht. Die concerten vonden plaats op:<\/p>\n\n\n\n<p style=\"font-size:20px\"><strong><a href=\"https:\/\/carillons053.nl\/programma-17-december-2025\/\">Programma 17 december 2025<\/a><\/strong> &#8211; Koude Tijden, Warme Klanken<\/p>\n\n\n\n<p style=\"font-size:20px\"><strong><a href=\"https:\/\/carillons053.nl\/programma-25-oktober-2025\/\">Programma 25 oktober 2025<\/a><\/strong> &#8211; Nacht van de Nacht<\/p>\n\n\n\n<p style=\"font-size:20px\"><strong><a href=\"https:\/\/carillons053.nl\/programma-3-oktober-2025\/\">Programma 3 oktober 2025<\/a><\/strong> &#8211; Carillonfestijn Universiteit Twente<\/p>\n\n\n\n<p style=\"font-size:20px\"><strong><a href=\"https:\/\/carillons053.nl\/programma-29-juni-2025\/\">Programma 29 juni 2025<\/a><\/strong> &#8211; Wereldmuziekkoor IntervOcaal<\/p>\n\n\n\n<p style=\"font-size:20px\"><strong><a href=\"https:\/\/carillons053.nl\/programma-5-mei-2025\/\">Programma 5 mei 2025<\/a><\/strong> &#8211; Bevrijdingsdag<\/p>\n\n\n\n<p style=\"font-size:20px\"><strong><a href=\"https:\/\/carillons053.nl\/programma-14-februari-2025\/\">Programma 14 februari 2025<\/a><\/strong> &#8211; Valentijnsdag<\/p>\n\n\n\n<figure class=\"wp-block-image size-large\"><img loading=\"lazy\" decoding=\"async\" width=\"1024\" height=\"167\" src=\"https:\/\/carillons053.nl\/wp-content\/uploads\/2026\/02\/logo_fonds-1024x167.jpg\" alt=\"\" class=\"wp-image-2113\" srcset=\"https:\/\/carillons053.nl\/wp-content\/uploads\/2026\/02\/logo_fonds-1024x167.jpg 1024w, https:\/\/carillons053.nl\/wp-content\/uploads\/2026\/02\/logo_fonds-300x49.jpg 300w, https:\/\/carillons053.nl\/wp-content\/uploads\/2026\/02\/logo_fonds-768x125.jpg 768w, https:\/\/carillons053.nl\/wp-content\/uploads\/2026\/02\/logo_fonds-1536x250.jpg 1536w, https:\/\/carillons053.nl\/wp-content\/uploads\/2026\/02\/logo_fonds-2048x334.jpg 2048w, https:\/\/carillons053.nl\/wp-content\/uploads\/2026\/02\/logo_fonds-18x3.jpg 18w\" sizes=\"auto, (max-width: 1024px) 100vw, 1024px\" \/><\/figure>\n\n\n\n<figure class=\"wp-block-image size-large\"><img loading=\"lazy\" decoding=\"async\" width=\"1024\" height=\"167\" src=\"https:\/\/carillons053.nl\/wp-content\/uploads\/2025\/02\/Enschede700_liggend_k-1024x167.jpg\" alt=\"\" class=\"wp-image-220\" srcset=\"https:\/\/carillons053.nl\/wp-content\/uploads\/2025\/02\/Enschede700_liggend_k-1024x167.jpg 1024w, https:\/\/carillons053.nl\/wp-content\/uploads\/2025\/02\/Enschede700_liggend_k-300x49.jpg 300w, https:\/\/carillons053.nl\/wp-content\/uploads\/2025\/02\/Enschede700_liggend_k-768x125.jpg 768w, https:\/\/carillons053.nl\/wp-content\/uploads\/2025\/02\/Enschede700_liggend_k-1536x250.jpg 1536w, https:\/\/carillons053.nl\/wp-content\/uploads\/2025\/02\/Enschede700_liggend_k-2048x334.jpg 2048w, https:\/\/carillons053.nl\/wp-content\/uploads\/2025\/02\/Enschede700_liggend_k-18x3.jpg 18w\" sizes=\"auto, (max-width: 1024px) 100vw, 1024px\" \/><\/figure>\n","protected":false},"excerpt":{"rendered":"<p>Welk liedje kent iedereen uit jouw geboorteland? Welk liedje betekent veel voor de mensen uit jouw geboorteland en kan iedereen meezingen? Vertel het ons via deze link! In de toren van de Grote Kerk op de Oude Markt hangt een beiaard met 49 klokken. Elke zondag tussen 13 en 14 uur worden deze klokken met &hellip; <a href=\"https:\/\/carillons053.nl\/en\/enschedese-carillons-in-150-klankkleuren\/\" class=\"more-link\">Continue reading <span class=\"screen-reader-text\">the Enschede Carillons in 150 Shades of Sound<\/span> <span class=\"meta-nav\">&rarr;<\/span><\/a><\/p>","protected":false},"author":1,"featured_media":0,"parent":0,"menu_order":0,"comment_status":"closed","ping_status":"closed","template":"","meta":{"_acf_changed":false,"ngg_post_thumbnail":0,"_themeisle_gutenberg_block_has_review":false,"footnotes":""},"class_list":["post-212","page","type-page","status-publish","hentry"],"acf":[],"yoast_head":"<!-- This site is optimized with the Yoast SEO plugin v27.4 - https:\/\/yoast.com\/product\/yoast-seo-wordpress\/ -->\n<title>de Carillons van Enschede in 150 KlankKleuren - Stichting Enschedese Carillons<\/title>\n<meta name=\"robots\" content=\"index, follow, max-snippet:-1, max-image-preview:large, max-video-preview:-1\" \/>\n<link rel=\"canonical\" href=\"https:\/\/carillons053.nl\/en\/enschedese-carillons-in-150-klankkleuren\/\" \/>\n<meta property=\"og:locale\" content=\"en_US\" \/>\n<meta property=\"og:type\" content=\"article\" \/>\n<meta property=\"og:title\" content=\"de Carillons van Enschede in 150 KlankKleuren - Stichting Enschedese Carillons\" \/>\n<meta property=\"og:description\" content=\"Welk liedje kent iedereen uit jouw geboorteland? Welk liedje betekent veel voor de mensen uit jouw geboorteland en kan iedereen meezingen? Vertel het ons via deze link! In de toren van de Grote Kerk op de Oude Markt hangt een beiaard met 49 klokken. Elke zondag tussen 13 en 14 uur worden deze klokken met &hellip; Continue reading de Carillons van Enschede in 150 KlankKleuren &rarr;\" \/>\n<meta property=\"og:url\" content=\"https:\/\/carillons053.nl\/en\/enschedese-carillons-in-150-klankkleuren\/\" \/>\n<meta property=\"og:site_name\" content=\"Stichting Enschedese Carillons\" \/>\n<meta property=\"article:modified_time\" content=\"2026-02-08T14:05:53+00:00\" \/>\n<meta property=\"og:image\" content=\"https:\/\/carillons053.nl\/wp-content\/uploads\/2026\/02\/logo_fonds.jpg\" \/>\n\t<meta property=\"og:image:width\" content=\"2560\" \/>\n\t<meta property=\"og:image:height\" content=\"417\" \/>\n\t<meta property=\"og:image:type\" content=\"image\/jpeg\" \/>\n<meta name=\"twitter:card\" content=\"summary_large_image\" \/>\n<meta name=\"twitter:label1\" content=\"Est. reading time\" \/>\n\t<meta name=\"twitter:data1\" content=\"2 minutes\" \/>\n<script type=\"application\/ld+json\" class=\"yoast-schema-graph\">{\"@context\":\"https:\\\/\\\/schema.org\",\"@graph\":[{\"@type\":\"WebPage\",\"@id\":\"https:\\\/\\\/carillons053.nl\\\/enschedese-carillons-in-150-klankkleuren\\\/\",\"url\":\"https:\\\/\\\/carillons053.nl\\\/enschedese-carillons-in-150-klankkleuren\\\/\",\"name\":\"de Carillons van Enschede in 150 KlankKleuren - Stichting Enschedese Carillons\",\"isPartOf\":{\"@id\":\"https:\\\/\\\/carillons053.nl\\\/#website\"},\"primaryImageOfPage\":{\"@id\":\"https:\\\/\\\/carillons053.nl\\\/enschedese-carillons-in-150-klankkleuren\\\/#primaryimage\"},\"image\":{\"@id\":\"https:\\\/\\\/carillons053.nl\\\/enschedese-carillons-in-150-klankkleuren\\\/#primaryimage\"},\"thumbnailUrl\":\"https:\\\/\\\/carillons053.nl\\\/wp-content\\\/uploads\\\/2026\\\/02\\\/logo_fonds-1024x167.jpg\",\"datePublished\":\"2025-02-05T11:48:28+00:00\",\"dateModified\":\"2026-02-08T14:05:53+00:00\",\"breadcrumb\":{\"@id\":\"https:\\\/\\\/carillons053.nl\\\/enschedese-carillons-in-150-klankkleuren\\\/#breadcrumb\"},\"inLanguage\":\"en-US\",\"potentialAction\":[{\"@type\":\"ReadAction\",\"target\":[\"https:\\\/\\\/carillons053.nl\\\/enschedese-carillons-in-150-klankkleuren\\\/\"]}]},{\"@type\":\"ImageObject\",\"inLanguage\":\"en-US\",\"@id\":\"https:\\\/\\\/carillons053.nl\\\/enschedese-carillons-in-150-klankkleuren\\\/#primaryimage\",\"url\":\"https:\\\/\\\/carillons053.nl\\\/wp-content\\\/uploads\\\/2026\\\/02\\\/logo_fonds-1024x167.jpg\",\"contentUrl\":\"https:\\\/\\\/carillons053.nl\\\/wp-content\\\/uploads\\\/2026\\\/02\\\/logo_fonds-1024x167.jpg\"},{\"@type\":\"BreadcrumbList\",\"@id\":\"https:\\\/\\\/carillons053.nl\\\/enschedese-carillons-in-150-klankkleuren\\\/#breadcrumb\",\"itemListElement\":[{\"@type\":\"ListItem\",\"position\":1,\"name\":\"Home\",\"item\":\"https:\\\/\\\/carillons053.nl\\\/\"},{\"@type\":\"ListItem\",\"position\":2,\"name\":\"de Carillons van Enschede in 150 KlankKleuren\"}]},{\"@type\":\"WebSite\",\"@id\":\"https:\\\/\\\/carillons053.nl\\\/#website\",\"url\":\"https:\\\/\\\/carillons053.nl\\\/\",\"name\":\"Stichting Enschedese Carillons\",\"description\":\"\",\"potentialAction\":[{\"@type\":\"SearchAction\",\"target\":{\"@type\":\"EntryPoint\",\"urlTemplate\":\"https:\\\/\\\/carillons053.nl\\\/?s={search_term_string}\"},\"query-input\":{\"@type\":\"PropertyValueSpecification\",\"valueRequired\":true,\"valueName\":\"search_term_string\"}}],\"inLanguage\":\"en-US\"}]}<\/script>\n<!-- \/ Yoast SEO plugin. -->","yoast_head_json":{"title":"de Carillons van Enschede in 150 KlankKleuren - Stichting Enschedese Carillons","robots":{"index":"index","follow":"follow","max-snippet":"max-snippet:-1","max-image-preview":"max-image-preview:large","max-video-preview":"max-video-preview:-1"},"canonical":"https:\/\/carillons053.nl\/en\/enschedese-carillons-in-150-klankkleuren\/","og_locale":"en_US","og_type":"article","og_title":"de Carillons van Enschede in 150 KlankKleuren - Stichting Enschedese Carillons","og_description":"Welk liedje kent iedereen uit jouw geboorteland? Welk liedje betekent veel voor de mensen uit jouw geboorteland en kan iedereen meezingen? Vertel het ons via deze link! In de toren van de Grote Kerk op de Oude Markt hangt een beiaard met 49 klokken. Elke zondag tussen 13 en 14 uur worden deze klokken met &hellip; Continue reading de Carillons van Enschede in 150 KlankKleuren &rarr;","og_url":"https:\/\/carillons053.nl\/en\/enschedese-carillons-in-150-klankkleuren\/","og_site_name":"Stichting Enschedese Carillons","article_modified_time":"2026-02-08T14:05:53+00:00","og_image":[{"width":2560,"height":417,"url":"https:\/\/carillons053.nl\/wp-content\/uploads\/2026\/02\/logo_fonds.jpg","type":"image\/jpeg"}],"twitter_card":"summary_large_image","twitter_misc":{"Est. reading time":"2 minutes"},"schema":{"@context":"https:\/\/schema.org","@graph":[{"@type":"WebPage","@id":"https:\/\/carillons053.nl\/enschedese-carillons-in-150-klankkleuren\/","url":"https:\/\/carillons053.nl\/enschedese-carillons-in-150-klankkleuren\/","name":"de Carillons van Enschede in 150 KlankKleuren - Stichting Enschedese Carillons","isPartOf":{"@id":"https:\/\/carillons053.nl\/#website"},"primaryImageOfPage":{"@id":"https:\/\/carillons053.nl\/enschedese-carillons-in-150-klankkleuren\/#primaryimage"},"image":{"@id":"https:\/\/carillons053.nl\/enschedese-carillons-in-150-klankkleuren\/#primaryimage"},"thumbnailUrl":"https:\/\/carillons053.nl\/wp-content\/uploads\/2026\/02\/logo_fonds-1024x167.jpg","datePublished":"2025-02-05T11:48:28+00:00","dateModified":"2026-02-08T14:05:53+00:00","breadcrumb":{"@id":"https:\/\/carillons053.nl\/enschedese-carillons-in-150-klankkleuren\/#breadcrumb"},"inLanguage":"en-US","potentialAction":[{"@type":"ReadAction","target":["https:\/\/carillons053.nl\/enschedese-carillons-in-150-klankkleuren\/"]}]},{"@type":"ImageObject","inLanguage":"en-US","@id":"https:\/\/carillons053.nl\/enschedese-carillons-in-150-klankkleuren\/#primaryimage","url":"https:\/\/carillons053.nl\/wp-content\/uploads\/2026\/02\/logo_fonds-1024x167.jpg","contentUrl":"https:\/\/carillons053.nl\/wp-content\/uploads\/2026\/02\/logo_fonds-1024x167.jpg"},{"@type":"BreadcrumbList","@id":"https:\/\/carillons053.nl\/enschedese-carillons-in-150-klankkleuren\/#breadcrumb","itemListElement":[{"@type":"ListItem","position":1,"name":"Home","item":"https:\/\/carillons053.nl\/"},{"@type":"ListItem","position":2,"name":"de Carillons van Enschede in 150 KlankKleuren"}]},{"@type":"WebSite","@id":"https:\/\/carillons053.nl\/#website","url":"https:\/\/carillons053.nl\/","name":"Enschede Carillon Society","description":"","potentialAction":[{"@type":"SearchAction","target":{"@type":"EntryPoint","urlTemplate":"https:\/\/carillons053.nl\/?s={search_term_string}"},"query-input":{"@type":"PropertyValueSpecification","valueRequired":true,"valueName":"search_term_string"}}],"inLanguage":"en-US"}]}},"_links":{"self":[{"href":"https:\/\/carillons053.nl\/en\/wp-json\/wp\/v2\/pages\/212","targetHints":{"allow":["GET"]}}],"collection":[{"href":"https:\/\/carillons053.nl\/en\/wp-json\/wp\/v2\/pages"}],"about":[{"href":"https:\/\/carillons053.nl\/en\/wp-json\/wp\/v2\/types\/page"}],"author":[{"embeddable":true,"href":"https:\/\/carillons053.nl\/en\/wp-json\/wp\/v2\/users\/1"}],"replies":[{"embeddable":true,"href":"https:\/\/carillons053.nl\/en\/wp-json\/wp\/v2\/comments?post=212"}],"version-history":[{"count":41,"href":"https:\/\/carillons053.nl\/en\/wp-json\/wp\/v2\/pages\/212\/revisions"}],"predecessor-version":[{"id":2128,"href":"https:\/\/carillons053.nl\/en\/wp-json\/wp\/v2\/pages\/212\/revisions\/2128"}],"wp:attachment":[{"href":"https:\/\/carillons053.nl\/en\/wp-json\/wp\/v2\/media?parent=212"}],"curies":[{"name":"wp","href":"https:\/\/api.w.org\/{rel}","templated":true}]}}